{"id":4951,"date":"2025-04-15T11:49:00","date_gmt":"2025-04-15T11:49:00","guid":{"rendered":"https:\/\/talycual.redycomercio.com\/web\/?page_id=4951"},"modified":"2025-07-16T11:57:04","modified_gmt":"2025-07-16T11:57:04","slug":"cartelera-teatro","status":"publish","type":"page","link":"https:\/\/talycual.com\/en\/cartelera-teatro\/","title":{"rendered":"En Cartelera"},"content":{"rendered":"<div class=\"wpb-content-wrapper\"><div data-vc-full-width=\"true\" data-vc-full-width-init=\"false\" data-vc-stretch-content=\"true\" class=\"vc_row wpb_row vc_row-fluid Inner_eventcls bg-coloroverlay vc_custom_1745922017751 vc_row-has-fill gt-background-position-initial gt-background-attachment-initial gt-overflow-visible gt-text-default\"><div class=\"wpb_column vc_column_container vc_col-sm-12\"><div class=\"vc_column-inner\"><div class=\"wpb_wrapper\"><div class=\"vc_row wpb_row vc_inner vc_row-fluid\"><div class=\"wpb_column vc_column_container vc_col-sm-12\"><div class=\"vc_column-inner\"><div class=\"wpb_wrapper\">\n\t<div class=\"wpb_text_column wpb_content_element d-none\" >\n\t\t<div class=\"wpb_wrapper\">\n\t\t\t<h1>Cartelera teatro<\/h1>\n<h2>Filtros de Cartelera teatro<\/h2>\n\n\t\t<\/div>\n\t<\/div>\n\n\t<div class=\"wpb_text_column wpb_content_element\" >\n\t\t<div class=\"wpb_wrapper\">\n\t\t\t    <form id=\"event-filter-form\" method=\"GET\" action=\"https:\/\/talycual.com\/en\/resultados\/\" data-trp-original-action=\"https:\/\/talycual.com\/resultados\/\">\n\n  <select name=\"event-year\">\n    <option value=\"\">A\u00f1o de estreno<\/option>\n    <option value='2025' >2025<\/option><option value='2024' >2024<\/option><option value='2023' >2023<\/option><option value='2022' >2022<\/option><option value='2021' >2021<\/option><option value='2020' >2020<\/option><option value='2019' >2019<\/option><option value='2018' >2018<\/option><option value='2016' >2016<\/option><option value='2015' >2015<\/option><option value='2014' >2014<\/option><option value='2013' >2013<\/option><option value='2012' >2012<\/option><option value='2011' >2011<\/option><option value='2010' >2010<\/option><option value='2009' >2009<\/option><\/select>\n\n\n    <select name=\"tipo\">\n            <option value=\"\">Tipo de producci\u00f3n<\/option>    \n<option value=\"Espect\u00e1culo\/evento de teatro\" >Theater<\/option>\n<option value=\"Pel\u00edculas \/ TV \/ Digital\" >Cine \/ TV \/ Digital<\/option>\n\n        <\/select> \n\n        <select name=\"status\">\n            <option value=\"\">Estado de producci\u00f3n<\/option>    \n<option value=\"proximamente\" >Coming soon<\/option>\n<option value=\"en-cartelera\" >En cartelera<\/option>\n<option value=\"concluido\" >Concluido<\/option>\n\n        <\/select>\n\n        <select name=\"genre\">\n            <option value=\"\">G\u00e9nero<\/option>\n            <option value='animacion' >Animaci\u00f3n<\/option><option value='clasico' >Cl\u00e1sico<\/option><option value='comedia' >Comedy<\/option><option value='documental' >Documental<\/option><option value='drama' >Drama<\/option><option value='ficcion' >Ficci\u00f3n<\/option><option value='musical' >Musical<\/option><option value='serie' >Serie<\/option><option value='suspense' >Suspense<\/option><option value='transmedia' >Transmedia<\/option>        <\/select>\n\n        <select name=\"city\">\n            <option value=\"\">Ciudad donde ver<\/option>\n            <option value='madrid' >Madrid<\/option><option value='ciudad-real' >Ciudad Real<\/option><option value='granada' >Granada<\/option><option value='sevilla' >Sevilla<\/option>        <\/select>\n\n    <input class=\"submitfilter_button\" type=\"submit\" value=\"Buscar\">\n\n    <input type=\"hidden\" name=\"trp-form-language\" value=\"en\"\/><\/form>\n    \n\n\t\t<\/div>\n\t<\/div>\n<\/div><\/div><\/div><\/div><\/div><\/div><\/div><\/div><div class=\"vc_row-full-width vc_clearfix\"><\/div><div class=\"vc_row wpb_row vc_row-fluid allevent_row gt-background-position-initial gt-background-attachment-initial gt-overflow-hidden gt-text-default\"><div class=\"proximate_classs_ssss wpb_column vc_column_container vc_col-sm-12\"><div class=\"vc_column-inner vc_custom_1745035782731\"><div class=\"wpb_wrapper\"><div class=\"vc_empty_space\"   style=\"height: 60px\"><span class=\"vc_empty_space_inner\"><\/span><\/div><div class=\"gt-event-listing tyyyyyyyyyyyyyyyyyyyyyyyyyyyyyyyy\"><div class=\"gt-columns gt-column-5 gt-column-space-25\"><div class=\"gt-col\"><div class=\"gt-inner\"><div class=\"gt-event-style-1 newtagfind eeeeeeeeeeeeeeeeeeeeeeeeee\" data-event-id=\"6096\"><div class=\"gt-image\"><a href=\"https:\/\/talycual.com\/en\/event\/panorama-desde-el-puente\/\"><img loading=\"lazy\" decoding=\"async\" width=\"224\" height=\"320\" src=\"https:\/\/talycual.com\/wp-content\/uploads\/2026\/02\/panorama_desde_el_puente_cartel.jpg\" class=\"attachment-full size-full wp-post-image\" alt=\"Panorama desde el puente\" srcset=\"https:\/\/talycual.com\/wp-content\/uploads\/2026\/02\/panorama_desde_el_puente_cartel.jpg 224w, https:\/\/talycual.com\/wp-content\/uploads\/2026\/02\/panorama_desde_el_puente_cartel-210x300.jpg 210w, https:\/\/talycual.com\/wp-content\/uploads\/2026\/02\/panorama_desde_el_puente_cartel-105x150.jpg 105w, https:\/\/talycual.com\/wp-content\/uploads\/2026\/02\/panorama_desde_el_puente_cartel-8x12.jpg 8w\" sizes=\"auto, (max-width: 224px) 100vw, 224px\" \/><\/a><div class=\"gt-price\"><span><\/span>374<\/div><\/div><div class=\"gt-title\"><a href=\"https:\/\/talycual.com\/en\/event\/panorama-desde-el-puente\/\">Panorama desde el puente<\/a><\/div><div class=\"dat_and_tags\"><div class=\"tags_div margin-search-tags\"> Cl\u00e1sico | Drama<\/div><\/div><div class=\"gt-details\"><div class=\"gt-category\"><ul><li class=\"gt-category-170\"><a href=\"https:\/\/talycual.com\/en\/event-category\/en-cartelera\/?post_type=event\">En Cartelera<\/a><\/li><li class=\"gt-category-186\"><a href=\"https:\/\/talycual.com\/en\/event-category\/teatro\/?post_type=event\">Theater<\/a><\/li><\/ul><\/div><div class=\"gt-location\"><svg xmlns=\"https:\/\/www.w3.org\/2000\/svg\" viewbox=\"0 0 24 24\" fill=\"none\" stroke=\"currentColor\" stroke-width=\"2\" stroke-linecap=\"round\" stroke-linejoin=\"round\"><path d=\"M21 10c0 7-9 13-9 13s-9-6-9-13a9 9 0 0 1 18 0z\"><\/path><circle cx=\"12\" cy=\"10\" r=\"3\"><\/circle><\/svg><ul><li class=\"gt-location-135\"><a href=\"https:\/\/talycual.com\/en\/location\/madrid\/?post_type=event\">Madrid<\/a><\/li><\/ul><\/div><\/div><\/div><\/div><\/div><div class=\"gt-col\"><div class=\"gt-inner\"><div class=\"gt-event-style-1 newtagfind eeeeeeeeeeeeeeeeeeeeeeeeee\" data-event-id=\"3841\"><div class=\"gt-image\"><a href=\"https:\/\/talycual.com\/en\/event\/parejas-imperfectas\/\"><img loading=\"lazy\" decoding=\"async\" width=\"300\" height=\"450\" src=\"https:\/\/talycual.com\/wp-content\/uploads\/2025\/03\/Captura-de-pantalla-2024-10-22-a-las-21.44.50-300x450-1.png\" class=\"attachment-full size-full wp-post-image\" alt=\"Parejas Imperfectas\" srcset=\"https:\/\/talycual.com\/wp-content\/uploads\/2025\/03\/Captura-de-pantalla-2024-10-22-a-las-21.44.50-300x450-1.png 300w, https:\/\/talycual.com\/wp-content\/uploads\/2025\/03\/Captura-de-pantalla-2024-10-22-a-las-21.44.50-300x450-1-200x300.png 200w\" sizes=\"auto, (max-width: 300px) 100vw, 300px\" \/><\/a><div class=\"gt-price\"><span><\/span>37<\/div><\/div><div class=\"gt-title\"><a href=\"https:\/\/talycual.com\/en\/event\/parejas-imperfectas\/\">Parejas Imperfectas<\/a><\/div><div class=\"dat_and_tags\"><div class=\"date_year\">2025 | <\/div><div class=\"tags_div margin-search-tags\"> Comedia | Drama<\/div><\/div><div class=\"gt-details\"><div class=\"gt-category\"><ul><li class=\"gt-category-170\"><a href=\"https:\/\/talycual.com\/en\/event-category\/en-cartelera\/?post_type=event\">En Cartelera<\/a><\/li><li class=\"gt-category-186\"><a href=\"https:\/\/talycual.com\/en\/event-category\/teatro\/?post_type=event\">Theater<\/a><\/li><\/ul><\/div><div class=\"gt-date gt-start-date jjj\"><svg xmlns=\"https:\/\/www.w3.org\/2000\/svg\" viewbox=\"0 0 24 24\" fill=\"none\" stroke=\"currentColor\" stroke-width=\"2\" stroke-linecap=\"round\" stroke-linejoin=\"round\"><rect x=\"3\" y=\"4\" width=\"18\" height=\"18\" rx=\"2\" ry=\"2\"><\/rect><line x1=\"16\" y1=\"2\" x2=\"16\" y2=\"6\"><\/line><line x1=\"8\" y1=\"2\" x2=\"8\" y2=\"6\"><\/line><line x1=\"3\" y1=\"10\" x2=\"21\" y2=\"10\"><\/line><\/svg><span>mayo 2025<\/span><\/div><div class=\"gt-location\"><svg xmlns=\"https:\/\/www.w3.org\/2000\/svg\" viewbox=\"0 0 24 24\" fill=\"none\" stroke=\"currentColor\" stroke-width=\"2\" stroke-linecap=\"round\" stroke-linejoin=\"round\"><path d=\"M21 10c0 7-9 13-9 13s-9-6-9-13a9 9 0 0 1 18 0z\"><\/path><circle cx=\"12\" cy=\"10\" r=\"3\"><\/circle><\/svg><ul><li class=\"gt-location-172\"><a href=\"https:\/\/talycual.com\/en\/location\/sevilla\/?post_type=event\">Sevilla<\/a><\/li><\/ul><\/div><\/div><\/div><\/div><\/div><div class=\"gt-col\"><div class=\"gt-inner\"><div class=\"gt-event-style-1 newtagfind eeeeeeeeeeeeeeeeeeeeeeeeee\" data-event-id=\"4409\"><div class=\"gt-image\"><a href=\"https:\/\/talycual.com\/en\/event\/musica-para-hitler\/\"><img loading=\"lazy\" decoding=\"async\" width=\"1039\" height=\"1485\" src=\"https:\/\/talycual.com\/wp-content\/uploads\/2025\/03\/Musica-para-Hitler_Cartel_DANI_MURIEL.jpg\" class=\"attachment-full size-full wp-post-image\" alt=\"M\u00fasica para Hitler\" srcset=\"https:\/\/talycual.com\/wp-content\/uploads\/2025\/03\/Musica-para-Hitler_Cartel_DANI_MURIEL.jpg 1039w, https:\/\/talycual.com\/wp-content\/uploads\/2025\/03\/Musica-para-Hitler_Cartel_DANI_MURIEL-210x300.jpg 210w, https:\/\/talycual.com\/wp-content\/uploads\/2025\/03\/Musica-para-Hitler_Cartel_DANI_MURIEL-716x1024.jpg 716w, https:\/\/talycual.com\/wp-content\/uploads\/2025\/03\/Musica-para-Hitler_Cartel_DANI_MURIEL-105x150.jpg 105w, https:\/\/talycual.com\/wp-content\/uploads\/2025\/03\/Musica-para-Hitler_Cartel_DANI_MURIEL-768x1098.jpg 768w, https:\/\/talycual.com\/wp-content\/uploads\/2025\/03\/Musica-para-Hitler_Cartel_DANI_MURIEL-8x12.jpg 8w, https:\/\/talycual.com\/wp-content\/uploads\/2025\/03\/Musica-para-Hitler_Cartel_DANI_MURIEL-600x858.jpg 600w\" sizes=\"auto, (max-width: 1039px) 100vw, 1039px\" \/><\/a><div class=\"gt-price\"><span><\/span>36<\/div><\/div><div class=\"gt-title\"><a href=\"https:\/\/talycual.com\/en\/event\/musica-para-hitler\/\">M\u00fasica para Hitler<\/a><\/div><div class=\"dat_and_tags\"><div class=\"date_year\">2025 | <\/div><div class=\"tags_div margin-search-tags\"> Drama<\/div><\/div><div class=\"gt-details\"><div class=\"gt-category\"><ul><li class=\"gt-category-170\"><a href=\"https:\/\/talycual.com\/en\/event-category\/en-cartelera\/?post_type=event\">En Cartelera<\/a><\/li><li class=\"gt-category-186\"><a href=\"https:\/\/talycual.com\/en\/event-category\/teatro\/?post_type=event\">Theater<\/a><\/li><\/ul><\/div><div class=\"gt-date gt-start-date jjj\"><svg xmlns=\"https:\/\/www.w3.org\/2000\/svg\" viewbox=\"0 0 24 24\" fill=\"none\" stroke=\"currentColor\" stroke-width=\"2\" stroke-linecap=\"round\" stroke-linejoin=\"round\"><rect x=\"3\" y=\"4\" width=\"18\" height=\"18\" rx=\"2\" ry=\"2\"><\/rect><line x1=\"16\" y1=\"2\" x2=\"16\" y2=\"6\"><\/line><line x1=\"8\" y1=\"2\" x2=\"8\" y2=\"6\"><\/line><line x1=\"3\" y1=\"10\" x2=\"21\" y2=\"10\"><\/line><\/svg><span>junio 2025<\/span><\/div><\/div><\/div><\/div><\/div><div class=\"gt-col\"><div class=\"gt-inner\"><div class=\"gt-event-style-1 newtagfind eeeeeeeeeeeeeeeeeeeeeeeeee\" data-event-id=\"3849\"><div class=\"gt-image\"><a href=\"https:\/\/talycual.com\/en\/event\/instrucciones-para-sobrevivir-en-lo-oscuro\/\"><img loading=\"lazy\" decoding=\"async\" width=\"300\" height=\"450\" src=\"https:\/\/talycual.com\/wp-content\/uploads\/2025\/03\/CartelIPSELO_2-300x450-1.jpeg\" class=\"attachment-full size-full wp-post-image\" alt=\"Instrucciones para Sobrevivir en lo Oscuro\" srcset=\"https:\/\/talycual.com\/wp-content\/uploads\/2025\/03\/CartelIPSELO_2-300x450-1.jpeg 300w, https:\/\/talycual.com\/wp-content\/uploads\/2025\/03\/CartelIPSELO_2-300x450-1-200x300.jpeg 200w\" sizes=\"auto, (max-width: 300px) 100vw, 300px\" \/><\/a><div class=\"gt-event-status\">Expired<\/div><div class=\"gt-price\"><span><\/span>35<\/div><\/div><div class=\"gt-title\"><a href=\"https:\/\/talycual.com\/en\/event\/instrucciones-para-sobrevivir-en-lo-oscuro\/\">Instrucciones para Sobrev...<\/a><\/div><div class=\"dat_and_tags\"><div class=\"date_year\">2024 | <\/div><div class=\"tags_div margin-search-tags\"> Comedy<\/div><\/div><div class=\"gt-details\"><div class=\"gt-category\"><ul><li class=\"gt-category-170\"><a href=\"https:\/\/talycual.com\/en\/event-category\/en-cartelera\/?post_type=event\">En Cartelera<\/a><\/li><li class=\"gt-category-186\"><a href=\"https:\/\/talycual.com\/en\/event-category\/teatro\/?post_type=event\">Theater<\/a><\/li><\/ul><\/div><div class=\"gt-date gt-start-date jjj\"><svg xmlns=\"https:\/\/www.w3.org\/2000\/svg\" viewbox=\"0 0 24 24\" fill=\"none\" stroke=\"currentColor\" stroke-width=\"2\" stroke-linecap=\"round\" stroke-linejoin=\"round\"><rect x=\"3\" y=\"4\" width=\"18\" height=\"18\" rx=\"2\" ry=\"2\"><\/rect><line x1=\"16\" y1=\"2\" x2=\"16\" y2=\"6\"><\/line><line x1=\"8\" y1=\"2\" x2=\"8\" y2=\"6\"><\/line><line x1=\"3\" y1=\"10\" x2=\"21\" y2=\"10\"><\/line><\/svg><span>abril 2025<\/span><\/div><div class=\"gt-location\"><svg xmlns=\"https:\/\/www.w3.org\/2000\/svg\" viewbox=\"0 0 24 24\" fill=\"none\" stroke=\"currentColor\" stroke-width=\"2\" stroke-linecap=\"round\" stroke-linejoin=\"round\"><path d=\"M21 10c0 7-9 13-9 13s-9-6-9-13a9 9 0 0 1 18 0z\"><\/path><circle cx=\"12\" cy=\"10\" r=\"3\"><\/circle><\/svg><ul><li class=\"gt-location-172\"><a href=\"https:\/\/talycual.com\/en\/location\/sevilla\/?post_type=event\">Sevilla<\/a><\/li><\/ul><\/div><\/div><\/div><\/div><\/div><div class=\"gt-col\"><div class=\"gt-inner\"><div class=\"gt-event-style-1 newtagfind eeeeeeeeeeeeeeeeeeeeeeeeee\" data-event-id=\"4421\"><div class=\"gt-image\"><a href=\"https:\/\/talycual.com\/en\/event\/velazquez-el-poder-y-el-arte\/\"><img loading=\"lazy\" decoding=\"async\" width=\"300\" height=\"450\" src=\"https:\/\/talycual.com\/wp-content\/uploads\/2025\/03\/AF_RRSS_1080x1350_VELAZQUEZ-300x450-1.jpg\" class=\"attachment-full size-full wp-post-image\" alt=\"Vel\u00e1zquez, el Poder y el Arte\" srcset=\"https:\/\/talycual.com\/wp-content\/uploads\/2025\/03\/AF_RRSS_1080x1350_VELAZQUEZ-300x450-1.jpg 300w, https:\/\/talycual.com\/wp-content\/uploads\/2025\/03\/AF_RRSS_1080x1350_VELAZQUEZ-300x450-1-200x300.jpg 200w\" sizes=\"auto, (max-width: 300px) 100vw, 300px\" \/><\/a><div class=\"gt-price\"><span><\/span>30<\/div><\/div><div class=\"gt-title\"><a href=\"https:\/\/talycual.com\/en\/event\/velazquez-el-poder-y-el-arte\/\">Vel\u00e1zquez, el Poder y el ...<\/a><\/div><div class=\"dat_and_tags\"><div class=\"date_year\">2022 | <\/div><div class=\"tags_div margin-search-tags\"> Documental<\/div><\/div><div class=\"gt-details\"><div class=\"gt-category\"><ul><li class=\"gt-category-170\"><a href=\"https:\/\/talycual.com\/en\/event-category\/en-cartelera\/?post_type=event\">En Cartelera<\/a><\/li><li class=\"gt-category-187\"><a href=\"https:\/\/talycual.com\/en\/event-category\/tv-cine-web\/?post_type=event\">TV \/ Cine \/ Web<\/a><\/li><\/ul><\/div><\/div><\/div><\/div><\/div><div class=\"gt-col\"><div class=\"gt-inner\"><div class=\"gt-event-style-1 newtagfind eeeeeeeeeeeeeeeeeeeeeeeeee\" data-event-id=\"4424\"><div class=\"gt-image\"><a href=\"https:\/\/talycual.com\/en\/event\/cosas-de-ninos\/\"><img loading=\"lazy\" decoding=\"async\" width=\"300\" height=\"450\" src=\"https:\/\/talycual.com\/wp-content\/uploads\/2025\/03\/cosas-de-ninos.jpg\" class=\"attachment-full size-full wp-post-image\" alt=\"Cosas de Ni\u00f1os\" srcset=\"https:\/\/talycual.com\/wp-content\/uploads\/2025\/03\/cosas-de-ninos.jpg 300w, https:\/\/talycual.com\/wp-content\/uploads\/2025\/03\/cosas-de-ninos-200x300.jpg 200w\" sizes=\"auto, (max-width: 300px) 100vw, 300px\" \/><\/a><div class=\"gt-price\"><span><\/span>29<\/div><\/div><div class=\"gt-title\"><a href=\"https:\/\/talycual.com\/en\/event\/cosas-de-ninos\/\">Cosas de Ni\u00f1os<\/a><\/div><div class=\"dat_and_tags\"><div class=\"date_year\">2022 | <\/div><div class=\"tags_div margin-search-tags\"> Comedia | Ficci\u00f3n<\/div><\/div><div class=\"gt-details\"><div class=\"gt-category\"><ul><li class=\"gt-category-170\"><a href=\"https:\/\/talycual.com\/en\/event-category\/en-cartelera\/?post_type=event\">En Cartelera<\/a><\/li><li class=\"gt-category-187\"><a href=\"https:\/\/talycual.com\/en\/event-category\/tv-cine-web\/?post_type=event\">TV \/ Cine \/ Web<\/a><\/li><\/ul><\/div><\/div><\/div><\/div><\/div><\/div><\/div><\/div><\/div><\/div><\/div>\n<\/div>","protected":false},"excerpt":{"rendered":"Para celebrar el fin de las clases antes de Navidad tiene lugar una fiesta de disfraces en un colegio de primaria. Leo es s\u00f3lo un ni\u00f1o m\u00e1s en la escuela, pero no puede evitar que su apariencia f\u00edsica le convierta...","protected":false},"author":1,"featured_media":0,"parent":0,"menu_order":0,"comment_status":"closed","ping_status":"closed","template":"","meta":{"footnotes":""},"class_list":["post-4951","page","type-page","status-publish","hentry"],"yoast_head":"<!-- This site is optimized with the Yoast SEO plugin v25.4 - https:\/\/yoast.com\/wordpress\/plugins\/seo\/ -->\n<title>Cartelera Teatro - Consulta los Mejores Espect\u00e1culos - Tal y Cual<\/title>\n<meta name=\"description\" content=\"Consulta la cartelera teatro actualizada con los mejores espect\u00e1culos y funciones. No te pierdas nada de lo que pasa en el escenario.\" \/>\n<meta name=\"robots\" content=\"index, follow, max-snippet:-1, max-image-preview:large, max-video-preview:-1\" \/>\n<link rel=\"canonical\" href=\"https:\/\/talycual.com\/en\/cartelera-teatro\/\" \/>\n<meta property=\"og:locale\" content=\"en_US\" \/>\n<meta property=\"og:type\" content=\"article\" \/>\n<meta property=\"og:title\" content=\"Cartelera Teatro - Consulta los Mejores Espect\u00e1culos - Tal y Cual\" \/>\n<meta property=\"og:description\" content=\"Consulta la cartelera teatro actualizada con los mejores espect\u00e1culos y funciones. No te pierdas nada de lo que pasa en el escenario.\" \/>\n<meta property=\"og:url\" content=\"https:\/\/talycual.com\/en\/cartelera-teatro\/\" \/>\n<meta property=\"og:site_name\" content=\"TalyCual Producciones\" \/>\n<meta property=\"article:publisher\" content=\"https:\/\/www.facebook.com\/talycualproducciones\/\" \/>\n<meta property=\"article:modified_time\" content=\"2025-07-16T11:57:04+00:00\" \/>\n<meta name=\"twitter:card\" content=\"summary_large_image\" \/>\n<meta name=\"twitter:site\" content=\"@talycual_pro\" \/>\n<meta name=\"twitter:label1\" content=\"Est. reading time\" \/>\n\t<meta name=\"twitter:data1\" content=\"1 minute\" \/>\n<script type=\"application\/ld+json\" class=\"yoast-schema-graph\">{\"@context\":\"https:\/\/schema.org\",\"@graph\":[{\"@type\":\"WebPage\",\"@id\":\"https:\/\/talycual.com\/cartelera-teatro\/\",\"url\":\"https:\/\/talycual.com\/cartelera-teatro\/\",\"name\":\"Cartelera Teatro - Consulta los Mejores Espect\u00e1culos - Tal y Cual\",\"isPartOf\":{\"@id\":\"https:\/\/talycual.com\/#website\"},\"datePublished\":\"2025-04-15T11:49:00+00:00\",\"dateModified\":\"2025-07-16T11:57:04+00:00\",\"description\":\"Consulta la cartelera teatro actualizada con los mejores espect\u00e1culos y funciones. No te pierdas nada de lo que pasa en el escenario.\",\"breadcrumb\":{\"@id\":\"https:\/\/talycual.com\/cartelera-teatro\/#breadcrumb\"},\"inLanguage\":\"en-US\",\"potentialAction\":[{\"@type\":\"ReadAction\",\"target\":[\"https:\/\/talycual.com\/cartelera-teatro\/\"]}]},{\"@type\":\"BreadcrumbList\",\"@id\":\"https:\/\/talycual.com\/cartelera-teatro\/#breadcrumb\",\"itemListElement\":[{\"@type\":\"ListItem\",\"position\":1,\"name\":\"Home\",\"item\":\"https:\/\/talycual.com\/\"},{\"@type\":\"ListItem\",\"position\":2,\"name\":\"En Cartelera\"}]},{\"@type\":\"WebSite\",\"@id\":\"https:\/\/talycual.com\/#website\",\"url\":\"https:\/\/talycual.com\/\",\"name\":\"Tal y Cual Producciones\",\"description\":\"TalyCual Producciones\",\"publisher\":{\"@id\":\"https:\/\/talycual.com\/#organization\"},\"potentialAction\":[{\"@type\":\"SearchAction\",\"target\":{\"@type\":\"EntryPoint\",\"urlTemplate\":\"https:\/\/talycual.com\/?s={search_term_string}\"},\"query-input\":{\"@type\":\"PropertyValueSpecification\",\"valueRequired\":true,\"valueName\":\"search_term_string\"}}],\"inLanguage\":\"en-US\"},{\"@type\":\"Organization\",\"@id\":\"https:\/\/talycual.com\/#organization\",\"name\":\"Tal y Cual Producciones\",\"url\":\"https:\/\/talycual.com\/\",\"logo\":{\"@type\":\"ImageObject\",\"inLanguage\":\"en-US\",\"@id\":\"https:\/\/talycual.com\/#\/schema\/logo\/image\/\",\"url\":\"https:\/\/talycual.com\/wp-content\/uploads\/2025\/06\/cropped-ico_tyc.png\",\"contentUrl\":\"https:\/\/talycual.com\/wp-content\/uploads\/2025\/06\/cropped-ico_tyc.png\",\"width\":512,\"height\":512,\"caption\":\"Tal y Cual Producciones\"},\"image\":{\"@id\":\"https:\/\/talycual.com\/#\/schema\/logo\/image\/\"},\"sameAs\":[\"https:\/\/www.facebook.com\/talycualproducciones\/\",\"https:\/\/x.com\/talycual_pro\"]}]}<\/script>\n<!-- \/ Yoast SEO plugin. -->","yoast_head_json":{"title":"Cartelera Teatro - Consulta los Mejores Espect\u00e1culos - Tal y Cual","description":"Consulta la cartelera teatro actualizada con los mejores espect\u00e1culos y funciones. No te pierdas nada de lo que pasa en el escenario.","robots":{"index":"index","follow":"follow","max-snippet":"max-snippet:-1","max-image-preview":"max-image-preview:large","max-video-preview":"max-video-preview:-1"},"canonical":"https:\/\/talycual.com\/en\/cartelera-teatro\/","og_locale":"en_US","og_type":"article","og_title":"Cartelera Teatro - Consulta los Mejores Espect\u00e1culos - Tal y Cual","og_description":"Consulta la cartelera teatro actualizada con los mejores espect\u00e1culos y funciones. No te pierdas nada de lo que pasa en el escenario.","og_url":"https:\/\/talycual.com\/en\/cartelera-teatro\/","og_site_name":"TalyCual Producciones","article_publisher":"https:\/\/www.facebook.com\/talycualproducciones\/","article_modified_time":"2025-07-16T11:57:04+00:00","twitter_card":"summary_large_image","twitter_site":"@talycual_pro","twitter_misc":{"Est. reading time":"1 minute"},"schema":{"@context":"https:\/\/schema.org","@graph":[{"@type":"WebPage","@id":"https:\/\/talycual.com\/cartelera-teatro\/","url":"https:\/\/talycual.com\/cartelera-teatro\/","name":"Cartelera Teatro - Consulta los Mejores Espect\u00e1culos - Tal y Cual","isPartOf":{"@id":"https:\/\/talycual.com\/#website"},"datePublished":"2025-04-15T11:49:00+00:00","dateModified":"2025-07-16T11:57:04+00:00","description":"Consulta la cartelera teatro actualizada con los mejores espect\u00e1culos y funciones. No te pierdas nada de lo que pasa en el escenario.","breadcrumb":{"@id":"https:\/\/talycual.com\/cartelera-teatro\/#breadcrumb"},"inLanguage":"en-US","potentialAction":[{"@type":"ReadAction","target":["https:\/\/talycual.com\/cartelera-teatro\/"]}]},{"@type":"BreadcrumbList","@id":"https:\/\/talycual.com\/cartelera-teatro\/#breadcrumb","itemListElement":[{"@type":"ListItem","position":1,"name":"Home","item":"https:\/\/talycual.com\/"},{"@type":"ListItem","position":2,"name":"En Cartelera"}]},{"@type":"WebSite","@id":"https:\/\/talycual.com\/#website","url":"https:\/\/talycual.com\/","name":"Tal y Cual Producciones","description":"TalyCual Producciones","publisher":{"@id":"https:\/\/talycual.com\/#organization"},"potentialAction":[{"@type":"SearchAction","target":{"@type":"EntryPoint","urlTemplate":"https:\/\/talycual.com\/?s={search_term_string}"},"query-input":{"@type":"PropertyValueSpecification","valueRequired":true,"valueName":"search_term_string"}}],"inLanguage":"en-US"},{"@type":"Organization","@id":"https:\/\/talycual.com\/#organization","name":"Tal y Cual Producciones","url":"https:\/\/talycual.com\/","logo":{"@type":"ImageObject","inLanguage":"en-US","@id":"https:\/\/talycual.com\/#\/schema\/logo\/image\/","url":"https:\/\/talycual.com\/wp-content\/uploads\/2025\/06\/cropped-ico_tyc.png","contentUrl":"https:\/\/talycual.com\/wp-content\/uploads\/2025\/06\/cropped-ico_tyc.png","width":512,"height":512,"caption":"Tal y Cual Producciones"},"image":{"@id":"https:\/\/talycual.com\/#\/schema\/logo\/image\/"},"sameAs":["https:\/\/www.facebook.com\/talycualproducciones\/","https:\/\/x.com\/talycual_pro"]}]}},"_links":{"self":[{"href":"https:\/\/talycual.com\/en\/wp-json\/wp\/v2\/pages\/4951","targetHints":{"allow":["GET"]}}],"collection":[{"href":"https:\/\/talycual.com\/en\/wp-json\/wp\/v2\/pages"}],"about":[{"href":"https:\/\/talycual.com\/en\/wp-json\/wp\/v2\/types\/page"}],"author":[{"embeddable":true,"href":"https:\/\/talycual.com\/en\/wp-json\/wp\/v2\/users\/1"}],"replies":[{"embeddable":true,"href":"https:\/\/talycual.com\/en\/wp-json\/wp\/v2\/comments?post=4951"}],"version-history":[{"count":11,"href":"https:\/\/talycual.com\/en\/wp-json\/wp\/v2\/pages\/4951\/revisions"}],"predecessor-version":[{"id":6036,"href":"https:\/\/talycual.com\/en\/wp-json\/wp\/v2\/pages\/4951\/revisions\/6036"}],"wp:attachment":[{"href":"https:\/\/talycual.com\/en\/wp-json\/wp\/v2\/media?parent=4951"}],"curies":[{"name":"wp","href":"https:\/\/api.w.org\/{rel}","templated":true}]}}