{"id":4147,"date":"2025-03-18T11:28:54","date_gmt":"2025-03-18T11:28:54","guid":{"rendered":"https:\/\/talycual.redycomercio.com\/web\/?page_id=4147"},"modified":"2025-03-19T06:01:56","modified_gmt":"2025-03-19T06:01:56","slug":"politica-de-cookies","status":"publish","type":"page","link":"https:\/\/talycual.com\/en\/politica-de-cookies\/","title":{"rendered":"Pol\u00edtica de Cookies"},"content":{"rendered":"<div class=\"wpb-content-wrapper\"><div class=\"vc_row wpb_row vc_row-fluid save_privacycont gt-background-position-initial gt-background-attachment-initial gt-overflow-hidden gt-text-default\"><div class=\"wpb_column vc_column_container vc_col-sm-12\"><div class=\"vc_column-inner\"><div class=\"wpb_wrapper\">\n\t<div class=\"wpb_text_column wpb_content_element\" >\n\t\t<div class=\"wpb_wrapper\">\n\t\t\t<p data-start=\"97\" data-end=\"144\"><strong data-start=\"97\" data-end=\"142\">\u00daltima actualizaci\u00f3n: 18 de marzo de 2025<\/strong><\/p>\n<p data-start=\"146\" data-end=\"438\">Esta Pol\u00edtica de Cookies explica c\u00f3mo <strong data-start=\"184\" data-end=\"196\">Talycual<\/strong> (\u00abnosotros\u00bb, \u00abnuestro\u00bb o \u00abnos\u00bb) utiliza cookies y tecnolog\u00edas similares para reconocerle cuando visita nuestro sitio web (<strong data-start=\"319\" data-end=\"331\">Talycual<\/strong>). Explica qu\u00e9 son estas tecnolog\u00edas, por qu\u00e9 las usamos y cu\u00e1les son sus derechos para controlar su uso.<\/p>\n<p data-start=\"440\" data-end=\"688\">Al continuar utilizando nuestro sitio web, usted acepta el uso de cookies de acuerdo con esta Pol\u00edtica de Cookies. Si no est\u00e1 de acuerdo con nuestro uso de cookies, debe ajustar la configuraci\u00f3n de su navegador o abstenerse de usar nuestro sitio.<\/p>\n<h2 data-start=\"690\" data-end=\"720\"><strong data-start=\"693\" data-end=\"718\">\u00bfQu\u00e9 son las Cookies?<\/strong><\/h2>\n<p data-start=\"722\" data-end=\"1166\">Las cookies son peque\u00f1os archivos de texto que los sitios web colocan en su dispositivo cuando los visita. Se utilizan com\u00fanmente para hacer que los sitios web funcionen de manera m\u00e1s eficiente y para proporcionar informaci\u00f3n a los propietarios del sitio web. Las cookies pueden mejorar su experiencia recordando sus preferencias, configuraciones de idioma o credenciales de inicio de sesi\u00f3n, facilit\u00e1ndole la navegaci\u00f3n en nuestro sitio web.<\/p>\n<h2 data-start=\"1168\" data-end=\"1208\"><strong data-start=\"1171\" data-end=\"1206\">Tipos de Cookies que Utilizamos<\/strong><\/h2>\n<p data-start=\"1210\" data-end=\"1276\">En nuestro sitio web utilizamos los siguientes tipos de cookies:<\/p>\n<ul data-start=\"1278\" data-end=\"2638\">\n<li data-start=\"1278\" data-end=\"1482\"><strong data-start=\"1280\" data-end=\"1302\">Cookies Necesarias<\/strong>: Son esenciales para el funcionamiento de nuestro sitio y le permiten utilizar sus funciones. Sin estas cookies, algunos servicios o funciones pueden no funcionar correctamente.<\/li>\n<li data-start=\"1483\" data-end=\"1747\"><strong data-start=\"1485\" data-end=\"1511\">Cookies de Rendimiento<\/strong>: Recopilan informaci\u00f3n sobre c\u00f3mo usa nuestro sitio, como qu\u00e9 p\u00e1ginas visita con m\u00e1s frecuencia y si recibe mensajes de error. Nos ayudan a mejorar el rendimiento de nuestro sitio al comprender c\u00f3mo interact\u00faan los visitantes con \u00e9l.<\/li>\n<li data-start=\"1748\" data-end=\"2058\"><strong data-start=\"1750\" data-end=\"1773\">Cookies Funcionales<\/strong>: Permiten que nuestro sitio recuerde las elecciones que realiza (como su preferencia de idioma) y proporcionan funciones mejoradas y personalizadas. Tambi\u00e9n pueden recordar cambios que ha realizado en el tama\u00f1o del texto, las fuentes u otras partes personalizables de la p\u00e1gina web.<\/li>\n<li data-start=\"2059\" data-end=\"2356\"><strong data-start=\"2061\" data-end=\"2101\">Cookies de Publicidad o Segmentaci\u00f3n<\/strong>: Se utilizan para ofrecerle anuncios m\u00e1s relevantes basados en sus intereses. Tambi\u00e9n nos ayudan a evaluar la efectividad de nuestras campa\u00f1as publicitarias. Estas cookies pueden ser establecidas por redes publicitarias de terceros con nuestro permiso.<\/li>\n<li data-start=\"2357\" data-end=\"2638\"><strong data-start=\"2359\" data-end=\"2382\">Cookies de Terceros<\/strong>: Tambi\u00e9n podemos utilizar cookies de terceros, que son establecidas por un dominio diferente al nuestro. Estas cookies son utilizadas principalmente por servicios de an\u00e1lisis o redes publicitarias para rastrear su comportamiento en m\u00faltiples sitios web.<\/li>\n<\/ul>\n<h2 data-start=\"2640\" data-end=\"2673\"><strong data-start=\"2643\" data-end=\"2671\">\u00bfPor Qu\u00e9 Usamos Cookies?<\/strong><\/h2>\n<p data-start=\"2675\" data-end=\"2727\">Utilizamos cookies por varias razones, incluyendo:<\/p>\n<ul data-start=\"2729\" data-end=\"3120\">\n<li data-start=\"2729\" data-end=\"2796\">Mejorar la funcionalidad y el rendimiento de nuestro sitio web.<\/li>\n<li data-start=\"2797\" data-end=\"2871\">Comprender c\u00f3mo usa nuestro sitio y mejorar su experiencia de usuario.<\/li>\n<li data-start=\"2872\" data-end=\"2947\">Proporcionarle contenido personalizado, como recordar sus preferencias.<\/li>\n<li data-start=\"2948\" data-end=\"3017\">Mostrar publicidad dirigida que sea relevante para sus intereses.<\/li>\n<li data-start=\"3018\" data-end=\"3120\">Analizar el tr\u00e1fico del sitio y el comportamiento de los usuarios para mejorar nuestros servicios.<\/li>\n<\/ul>\n<h2 data-start=\"3122\" data-end=\"3139\"><strong data-start=\"3125\" data-end=\"3137\">Contact<\/strong><\/h2>\n<p data-start=\"3141\" data-end=\"3266\">Si tiene alguna pregunta o inquietud sobre esta Pol\u00edtica de Cookies o sobre c\u00f3mo usamos las cookies, puede contactarnos en:<\/p>\n<p data-start=\"3268\" data-end=\"3359\"><strong data-start=\"3271\" data-end=\"3285\">Direcci\u00f3n:<\/strong><br data-start=\"3285\" data-end=\"3288\" \/>C\/ San Hermenegildo, 20.28015 \u2013 Madrid<br data-start=\"3326\" data-end=\"3329\" \/>C\/ Lagar, 5. 41004 \u2013 Sevilla<br \/>\n<strong data-start=\"3364\" data-end=\"3387\">Correo electr\u00f3nico:<\/strong> <a href=\"mailto:info@talycual.com\" rel=\"noopener\" data-start=\"3388\" data-end=\"3405\">info@talycual.com<\/a><br data-start=\"3405\" data-end=\"3408\" \/><strong data-start=\"3411\" data-end=\"3424\">Tel\u00e9fono:<\/strong> <a href=\"tel:+34 649581273\">+34 649581273<\/a><\/p>\n<p data-start=\"3442\" data-end=\"3605\">Al utilizar nuestro sitio web, usted reconoce que ha le\u00eddo y comprendido esta Pol\u00edtica de Cookies y acepta el uso de cookies seg\u00fan lo descrito en este documento.<\/p>\n\n\t\t<\/div>\n\t<\/div>\n<\/div><\/div><\/div><\/div>\n<\/div>","protected":false},"excerpt":{"rendered":"\u00daltima actualizaci\u00f3n: 18 de marzo de 2025 Esta Pol\u00edtica de Cookies explica c\u00f3mo Talycual (\u00abnosotros\u00bb, \u00abnuestro\u00bb o \u00abnos\u00bb) utiliza cookies y tecnolog\u00edas similares para reconocerle cuando visita nuestro sitio web (Talycual). Explica qu\u00e9 son estas tecnolog\u00edas, por qu\u00e9 las usamos...","protected":false},"author":1,"featured_media":0,"parent":0,"menu_order":0,"comment_status":"closed","ping_status":"closed","template":"","meta":{"footnotes":""},"class_list":["post-4147","page","type-page","status-publish","hentry"],"yoast_head":"<!-- This site is optimized with the Yoast SEO plugin v25.4 - https:\/\/yoast.com\/wordpress\/plugins\/seo\/ -->\n<title>Pol\u00edtica de Cookies - TalyCual Producciones<\/title>\n<meta name=\"robots\" content=\"index, follow, max-snippet:-1, max-image-preview:large, max-video-preview:-1\" \/>\n<link rel=\"canonical\" href=\"https:\/\/talycual.com\/en\/politica-de-cookies\/\" \/>\n<meta property=\"og:locale\" content=\"en_US\" \/>\n<meta property=\"og:type\" content=\"article\" \/>\n<meta property=\"og:title\" content=\"Pol\u00edtica de Cookies - TalyCual Producciones\" \/>\n<meta property=\"og:url\" content=\"https:\/\/talycual.com\/en\/politica-de-cookies\/\" \/>\n<meta property=\"og:site_name\" content=\"TalyCual Producciones\" \/>\n<meta property=\"article:publisher\" content=\"https:\/\/www.facebook.com\/talycualproducciones\/\" \/>\n<meta property=\"article:modified_time\" content=\"2025-03-19T06:01:56+00:00\" \/>\n<meta name=\"twitter:card\" content=\"summary_large_image\" \/>\n<meta name=\"twitter:site\" content=\"@talycual_pro\" \/>\n<meta name=\"twitter:label1\" content=\"Est. reading time\" \/>\n\t<meta name=\"twitter:data1\" content=\"3 minutes\" \/>\n<script type=\"application\/ld+json\" class=\"yoast-schema-graph\">{\"@context\":\"https:\/\/schema.org\",\"@graph\":[{\"@type\":\"WebPage\",\"@id\":\"https:\/\/talycual.com\/politica-de-cookies\/\",\"url\":\"https:\/\/talycual.com\/politica-de-cookies\/\",\"name\":\"Pol\u00edtica de Cookies - TalyCual Producciones\",\"isPartOf\":{\"@id\":\"https:\/\/talycual.com\/#website\"},\"datePublished\":\"2025-03-18T11:28:54+00:00\",\"dateModified\":\"2025-03-19T06:01:56+00:00\",\"breadcrumb\":{\"@id\":\"https:\/\/talycual.com\/politica-de-cookies\/#breadcrumb\"},\"inLanguage\":\"en-US\",\"potentialAction\":[{\"@type\":\"ReadAction\",\"target\":[\"https:\/\/talycual.com\/politica-de-cookies\/\"]}]},{\"@type\":\"BreadcrumbList\",\"@id\":\"https:\/\/talycual.com\/politica-de-cookies\/#breadcrumb\",\"itemListElement\":[{\"@type\":\"ListItem\",\"position\":1,\"name\":\"Home\",\"item\":\"https:\/\/talycual.com\/\"},{\"@type\":\"ListItem\",\"position\":2,\"name\":\"Pol\u00edtica de Cookies\"}]},{\"@type\":\"WebSite\",\"@id\":\"https:\/\/talycual.com\/#website\",\"url\":\"https:\/\/talycual.com\/\",\"name\":\"Tal y Cual Producciones\",\"description\":\"TalyCual Producciones\",\"publisher\":{\"@id\":\"https:\/\/talycual.com\/#organization\"},\"potentialAction\":[{\"@type\":\"SearchAction\",\"target\":{\"@type\":\"EntryPoint\",\"urlTemplate\":\"https:\/\/talycual.com\/?s={search_term_string}\"},\"query-input\":{\"@type\":\"PropertyValueSpecification\",\"valueRequired\":true,\"valueName\":\"search_term_string\"}}],\"inLanguage\":\"en-US\"},{\"@type\":\"Organization\",\"@id\":\"https:\/\/talycual.com\/#organization\",\"name\":\"Tal y Cual Producciones\",\"url\":\"https:\/\/talycual.com\/\",\"logo\":{\"@type\":\"ImageObject\",\"inLanguage\":\"en-US\",\"@id\":\"https:\/\/talycual.com\/#\/schema\/logo\/image\/\",\"url\":\"https:\/\/talycual.com\/wp-content\/uploads\/2025\/06\/cropped-ico_tyc.png\",\"contentUrl\":\"https:\/\/talycual.com\/wp-content\/uploads\/2025\/06\/cropped-ico_tyc.png\",\"width\":512,\"height\":512,\"caption\":\"Tal y Cual Producciones\"},\"image\":{\"@id\":\"https:\/\/talycual.com\/#\/schema\/logo\/image\/\"},\"sameAs\":[\"https:\/\/www.facebook.com\/talycualproducciones\/\",\"https:\/\/x.com\/talycual_pro\"]}]}<\/script>\n<!-- \/ Yoast SEO plugin. -->","yoast_head_json":{"title":"Pol\u00edtica de Cookies - TalyCual Producciones","robots":{"index":"index","follow":"follow","max-snippet":"max-snippet:-1","max-image-preview":"max-image-preview:large","max-video-preview":"max-video-preview:-1"},"canonical":"https:\/\/talycual.com\/en\/politica-de-cookies\/","og_locale":"en_US","og_type":"article","og_title":"Pol\u00edtica de Cookies - TalyCual Producciones","og_url":"https:\/\/talycual.com\/en\/politica-de-cookies\/","og_site_name":"TalyCual Producciones","article_publisher":"https:\/\/www.facebook.com\/talycualproducciones\/","article_modified_time":"2025-03-19T06:01:56+00:00","twitter_card":"summary_large_image","twitter_site":"@talycual_pro","twitter_misc":{"Est. reading time":"3 minutes"},"schema":{"@context":"https:\/\/schema.org","@graph":[{"@type":"WebPage","@id":"https:\/\/talycual.com\/politica-de-cookies\/","url":"https:\/\/talycual.com\/politica-de-cookies\/","name":"Pol\u00edtica de Cookies - TalyCual Producciones","isPartOf":{"@id":"https:\/\/talycual.com\/#website"},"datePublished":"2025-03-18T11:28:54+00:00","dateModified":"2025-03-19T06:01:56+00:00","breadcrumb":{"@id":"https:\/\/talycual.com\/politica-de-cookies\/#breadcrumb"},"inLanguage":"en-US","potentialAction":[{"@type":"ReadAction","target":["https:\/\/talycual.com\/politica-de-cookies\/"]}]},{"@type":"BreadcrumbList","@id":"https:\/\/talycual.com\/politica-de-cookies\/#breadcrumb","itemListElement":[{"@type":"ListItem","position":1,"name":"Home","item":"https:\/\/talycual.com\/"},{"@type":"ListItem","position":2,"name":"Pol\u00edtica de Cookies"}]},{"@type":"WebSite","@id":"https:\/\/talycual.com\/#website","url":"https:\/\/talycual.com\/","name":"Tal y Cual Producciones","description":"TalyCual Producciones","publisher":{"@id":"https:\/\/talycual.com\/#organization"},"potentialAction":[{"@type":"SearchAction","target":{"@type":"EntryPoint","urlTemplate":"https:\/\/talycual.com\/?s={search_term_string}"},"query-input":{"@type":"PropertyValueSpecification","valueRequired":true,"valueName":"search_term_string"}}],"inLanguage":"en-US"},{"@type":"Organization","@id":"https:\/\/talycual.com\/#organization","name":"Tal y Cual Producciones","url":"https:\/\/talycual.com\/","logo":{"@type":"ImageObject","inLanguage":"en-US","@id":"https:\/\/talycual.com\/#\/schema\/logo\/image\/","url":"https:\/\/talycual.com\/wp-content\/uploads\/2025\/06\/cropped-ico_tyc.png","contentUrl":"https:\/\/talycual.com\/wp-content\/uploads\/2025\/06\/cropped-ico_tyc.png","width":512,"height":512,"caption":"Tal y Cual Producciones"},"image":{"@id":"https:\/\/talycual.com\/#\/schema\/logo\/image\/"},"sameAs":["https:\/\/www.facebook.com\/talycualproducciones\/","https:\/\/x.com\/talycual_pro"]}]}},"_links":{"self":[{"href":"https:\/\/talycual.com\/en\/wp-json\/wp\/v2\/pages\/4147","targetHints":{"allow":["GET"]}}],"collection":[{"href":"https:\/\/talycual.com\/en\/wp-json\/wp\/v2\/pages"}],"about":[{"href":"https:\/\/talycual.com\/en\/wp-json\/wp\/v2\/types\/page"}],"author":[{"embeddable":true,"href":"https:\/\/talycual.com\/en\/wp-json\/wp\/v2\/users\/1"}],"replies":[{"embeddable":true,"href":"https:\/\/talycual.com\/en\/wp-json\/wp\/v2\/comments?post=4147"}],"version-history":[{"count":8,"href":"https:\/\/talycual.com\/en\/wp-json\/wp\/v2\/pages\/4147\/revisions"}],"predecessor-version":[{"id":4203,"href":"https:\/\/talycual.com\/en\/wp-json\/wp\/v2\/pages\/4147\/revisions\/4203"}],"wp:attachment":[{"href":"https:\/\/talycual.com\/en\/wp-json\/wp\/v2\/media?parent=4147"}],"curies":[{"name":"wp","href":"https:\/\/api.w.org\/{rel}","templated":true}]}}